{"id":2463,"date":"2022-10-04T14:55:59","date_gmt":"2022-10-04T14:55:59","guid":{"rendered":"https:\/\/wp-dev.space\/affinityclick\/alosim-website-redesign\/develop\/prensa\/"},"modified":"2024-05-16T18:12:24","modified_gmt":"2024-05-16T18:12:24","slug":"prensa","status":"publish","type":"page","link":"https:\/\/alosim.com\/es\/prensa\/","title":{"rendered":"Prensa"},"content":{"rendered":"\n<p><\/p>\n\n\n  <section \n           class=\"als-hero gutenberg-block hero  sk-section--medium sk-bg-blue-light \" \n           data-aos=\"als-fade-up\">\n    \n        <div class=\"sk-container\">\n      <div class=\"als-hero__wrapper \">\n        <div\n          class=\"als-hero__col als-hero__col--text  without-image\">\n                                <div class=\"als-hero__body\">\n              <h1 style=\"text-align: center;\">Press Coverage &amp; Media Releases<\/h1>\n\n            <\/div>\n          \n          \n          \n          \n        <\/div>\n\n        <div\n          class=\"als-hero__col als-hero__col--image hiddeb--mob \">\n                            <\/div>\n      <\/div>\n    <\/div>\n  <\/section>\n\n\n\n<section class=\"als-post-to-show gutenberg-block post-to-show  sk-bg-white \" >\n      \n      <div class=\"als-post-to-show__wrapper\">\n          <div class=\"sk-container\">\n                        <\/div>\n          <div class=\"sk-container\">\n                              <div class=\"als-post-to-show__list\">\n                                      \t<div class=\"post-item sk-bg-blue-light\"\n\t\t\t data-aos=\"als-fade-up\">\n\t\t\t\t\t<a class=\"post-item__link\" href=\"https:\/\/mobilesyrup.com\/2023\/04\/27\/testing-esim-roaming-canada-alosim-airalo\/\" target=\"_blank\"\n\t\t\t\t aria-label=\"Read more\">\n\t\t\t\t<div class=\"post-item__thumb\">\n\t\t\t\t\t\t\t\t\t\t\t\n\n\n\n\n\n                                          \n  \n  \n\n  \n    <picture>\n              <source type=\"image\/webp\"\n                sizes=\"1000px\"\n                srcset=\"https:\/\/alosim.com\/wp-content\/uploads\/2024\/05\/663cfc1f0d348-alosim-mobilesyrup-article-100x0-c-default.webp 100w, https:\/\/alosim.com\/wp-content\/uploads\/2024\/05\/663cfc1f0d348-alosim-mobilesyrup-article-200x0-c-default.webp 200w, https:\/\/alosim.com\/wp-content\/uploads\/2024\/05\/663cfc1f0d348-alosim-mobilesyrup-article-400x0-c-default.webp 400w, https:\/\/alosim.com\/wp-content\/uploads\/2024\/05\/663cfc1f0d348-alosim-mobilesyrup-article.webp 585w\"\n          \n        >\n      \n      \n      \n      \n      <img decoding=\"async\" class=\"my-thumb-class\"\n           width=\"585\"\n           height=\"380\"\n           alt=\"663cfc1f0d348-alosim-mobilesyrup-article\"\n           src=\"https:\/\/alosim.com\/wp-content\/uploads\/2024\/05\/663cfc1f0d348-alosim-mobilesyrup-article.png\"\n        loading=\"lazy\"\n      >\n    <\/picture>\n  \n\n\t\t\t\t\t\t\t\t\t<\/div>\n\t\t\t\t\t\t\t\t\t<p class=\"post-item__date\">\n\t\t\t\t\t\tabril 27, 2023\n\t\t\t\t\t<\/p>\n\t\t\t\t\t\t\t\t\t\t\t\t\t<p class=\"post-item__title sk-text--h4\">\n\t\t\t\t\t\tRoaming rates keep rising \u2013 can eSIMs ease pressure on wallets?\n\t\t\t\t\t<\/p>\n\t\t\t\t\t\t\t\t\t\t\t\t\t<div class=\"post-item__excerpt sk-text--h4\">\n\t\t\t\t\t\t<p>During the roaming price hikes, two Canadian companies that offer travel data packages over eSIM reached out to me, pitching their products as the solution to ridiculous roaming rates.<\/p>\n\n\t\t\t\t\t<\/div>\n\t\t\t\t\t\t\t\t\t\t\t\t\t<p class=\"post-item__more\">Read more<\/p>\n\t\t\t\t\t\t\t<\/a>\n\t\t\t<\/div>\n                                      \t<div class=\"post-item sk-bg-blue-light\"\n\t\t\t data-aos=\"als-fade-up\">\n\t\t\t\t\t<a class=\"post-item__link\" href=\"https:\/\/www.lifewire.com\/sims-are-a-terrible-idea-and-apple-is-mercifully-doing-away-with-them-6744317\" target=\"_blank\"\n\t\t\t\t aria-label=\"Read More\">\n\t\t\t\t<div class=\"post-item__thumb\">\n\t\t\t\t\t\t\t\t\t\t\t\n\n\n\n\n\n                                          \n  \n  \n\n  \n    <picture>\n              <source type=\"image\/webp\"\n                sizes=\"1000px\"\n                srcset=\"https:\/\/alosim.com\/wp-content\/uploads\/2024\/05\/663cfc1c53998-alosim-lifewire-article-100x0-c-default.webp 100w, https:\/\/alosim.com\/wp-content\/uploads\/2024\/05\/663cfc1c53998-alosim-lifewire-article-200x0-c-default.webp 200w, https:\/\/alosim.com\/wp-content\/uploads\/2024\/05\/663cfc1c53998-alosim-lifewire-article-400x0-c-default.webp 400w, https:\/\/alosim.com\/wp-content\/uploads\/2024\/05\/663cfc1c53998-alosim-lifewire-article.webp 585w\"\n          \n        >\n      \n      \n      \n      \n      <img decoding=\"async\" class=\"my-thumb-class\"\n           width=\"585\"\n           height=\"380\"\n           alt=\"663cfc1c53998-alosim-lifewire-article\"\n           src=\"https:\/\/alosim.com\/wp-content\/uploads\/2024\/05\/663cfc1c53998-alosim-lifewire-article.png\"\n        loading=\"lazy\"\n      >\n    <\/picture>\n  \n\n\t\t\t\t\t\t\t\t\t<\/div>\n\t\t\t\t\t\t\t\t\t<p class=\"post-item__date\">\n\t\t\t\t\t\tseptiembre 28, 2022\n\t\t\t\t\t<\/p>\n\t\t\t\t\t\t\t\t\t\t\t\t\t<p class=\"post-item__title sk-text--h4\">\n\t\t\t\t\t\tSIMs Are a Terrible Idea, and Apple Is Mercifully Doing Away With Them\n\t\t\t\t\t<\/p>\n\t\t\t\t\t\t\t\t\t\t\t\t\t<div class=\"post-item__excerpt sk-text--h4\">\n\t\t\t\t\t\t<p>\u00abUsing eSIMs gives people so much more flexibility. You can be just about anywhere in the world and add data to your device instantly,\u00bb Justin Shimoon, CEO of eSIM data app aloSIM, told Lifewire.<\/p>\n\n\t\t\t\t\t<\/div>\n\t\t\t\t\t\t\t\t\t\t\t\t\t<p class=\"post-item__more\">Read More<\/p>\n\t\t\t\t\t\t\t<\/a>\n\t\t\t<\/div>\n                                      \t<div class=\"post-item sk-bg-blue-light\"\n\t\t\t data-aos=\"als-fade-up\">\n\t\t\t\t\t<a class=\"post-item__link\" href=\"https:\/\/www.saltwire.com\/atlantic-canada\/more\/custom-content\/travel-without-roaming-charges-with-new-alosim-app-100775287\/\" target=\"_blank\"\n\t\t\t\t aria-label=\"Read More\">\n\t\t\t\t<div class=\"post-item__thumb\">\n\t\t\t\t\t\t\t\t\t\t\t\n\n\n\n\n\n                                          \n  \n  \n\n  \n    <picture>\n              <source type=\"image\/webp\"\n                sizes=\"1000px\"\n                srcset=\"https:\/\/alosim.com\/wp-content\/uploads\/2024\/05\/663cfc19cb15e-alosim-saltwire-article-100x0-c-default.webp 100w, https:\/\/alosim.com\/wp-content\/uploads\/2024\/05\/663cfc19cb15e-alosim-saltwire-article-200x0-c-default.webp 200w, https:\/\/alosim.com\/wp-content\/uploads\/2024\/05\/663cfc19cb15e-alosim-saltwire-article-400x0-c-default.webp 400w, https:\/\/alosim.com\/wp-content\/uploads\/2024\/05\/663cfc19cb15e-alosim-saltwire-article.webp 585w\"\n          \n        >\n      \n      \n      \n      \n      <img decoding=\"async\" class=\"my-thumb-class\"\n           width=\"585\"\n           height=\"380\"\n           alt=\"663cfc19cb15e-alosim-saltwire-article\"\n           src=\"https:\/\/alosim.com\/wp-content\/uploads\/2024\/05\/663cfc19cb15e-alosim-saltwire-article.png\"\n        loading=\"lazy\"\n      >\n    <\/picture>\n  \n\n\t\t\t\t\t\t\t\t\t<\/div>\n\t\t\t\t\t\t\t\t\t<p class=\"post-item__date\">\n\t\t\t\t\t\tseptiembre 24, 2022\n\t\t\t\t\t<\/p>\n\t\t\t\t\t\t\t\t\t\t\t\t\t<p class=\"post-item__title sk-text--h4\">\n\t\t\t\t\t\tTravel without roaming charges with new aloSIM app\n\t\t\t\t\t<\/p>\n\t\t\t\t\t\t\t\t\t\t\t\t\t<div class=\"post-item__excerpt sk-text--h4\">\n\t\t\t\t\t\t<p>\u201cMany Canadians are unsure about the best way to use their phones when they travel internationally. There\u2019s a lot of confusion,\u201d explains Justin Shimoon, CEO of AffinityClick Inc. in Ottawa.<\/p>\n\n\t\t\t\t\t<\/div>\n\t\t\t\t\t\t\t\t\t\t\t\t\t<p class=\"post-item__more\">Read More<\/p>\n\t\t\t\t\t\t\t<\/a>\n\t\t\t<\/div>\n                                      \t<div class=\"post-item sk-bg-blue-light\"\n\t\t\t data-aos=\"als-fade-up\">\n\t\t\t\t\t<a class=\"post-item__link\" href=\"https:\/\/alosim.com\/alosim-now-available-to-download-on-the-app-store-and-google-play\/\" target=\"_blank\"\n\t\t\t\t aria-label=\"Read more\">\n\t\t\t\t<div class=\"post-item__thumb\">\n\t\t\t\t\t\t\t\t\t\t\t\n\n\n\n\n\n                                                                        \n  \n  \n\n  \n    <picture>\n              <source type=\"image\/webp\"\n                sizes=\"1000px\"\n                srcset=\"https:\/\/alosim.com\/wp-content\/uploads\/2024\/05\/663cfc16d85a5-alosim-download-app-store-google-play-100x0-c-default.webp 100w, https:\/\/alosim.com\/wp-content\/uploads\/2024\/05\/663cfc16d85a5-alosim-download-app-store-google-play-200x0-c-default.webp 200w, https:\/\/alosim.com\/wp-content\/uploads\/2024\/05\/663cfc16d85a5-alosim-download-app-store-google-play-400x0-c-default.webp 400w, https:\/\/alosim.com\/wp-content\/uploads\/2024\/05\/663cfc16d85a5-alosim-download-app-store-google-play-600x0-c-default.webp 600w, https:\/\/alosim.com\/wp-content\/uploads\/2024\/05\/663cfc16d85a5-alosim-download-app-store-google-play-800x0-c-default.webp 800w, https:\/\/alosim.com\/wp-content\/uploads\/2024\/05\/663cfc16d85a5-alosim-download-app-store-google-play-1200x0-c-default.webp 1200w, https:\/\/alosim.com\/wp-content\/uploads\/2024\/05\/663cfc16d85a5-alosim-download-app-store-google-play.webp 1600w\"\n          \n        >\n      \n      \n      \n      \n      <img decoding=\"async\" class=\"my-thumb-class\"\n           width=\"1600\"\n           height=\"1067\"\n           alt=\"663cfc16d85a5-alosim-download-app-store-google-play\"\n           src=\"https:\/\/alosim.com\/wp-content\/uploads\/2024\/05\/663cfc16d85a5-alosim-download-app-store-google-play.jpg\"\n        loading=\"lazy\"\n      >\n    <\/picture>\n  \n\n\t\t\t\t\t\t\t\t\t<\/div>\n\t\t\t\t\t\t\t\t\t<p class=\"post-item__date\">\n\t\t\t\t\t\tjunio 21, 2022\n\t\t\t\t\t<\/p>\n\t\t\t\t\t\t\t\t\t\t\t\t\t<p class=\"post-item__title sk-text--h4\">\n\t\t\t\t\t\taloSIM now available on the App Store and Google Play\n\t\t\t\t\t<\/p>\n\t\t\t\t\t\t\t\t\t\t\t\t\t<div class=\"post-item__excerpt sk-text--h4\">\n\t\t\t\t\t\t<p>After months of hard work (and many happy customers using our web-based version), we\u2019re thrilled you can now download aloSIM\u00a0in both the\u00a0App Store\u00a0and\u00a0Google Play!<\/p>\n\n\t\t\t\t\t<\/div>\n\t\t\t\t\t\t\t\t\t\t\t\t\t<p class=\"post-item__more\">Read more<\/p>\n\t\t\t\t\t\t\t<\/a>\n\t\t\t<\/div>\n                                  <\/div>\n                        <\/div>\n      <\/div>\n\n<\/section>\n\n\n<section class=\"two-columns-media-text gutenberg-block  p-top--xs p-bottom--xs sk-bg-blue \"  data-aos=\"als-fade-up\">\n  \n  <div class=\"sk-container\" data-aos=\"als-fade-up\">\n    \n    <div class=\"two-columns-media-text__wrapper media-right center mobile-top-media\">\n      <div class=\"two-columns-media-text__media border-no-border image\">\n        \n                  <div class=\"two-columns-media-text__media-image\">\n            \n\n\n\n\n\n                                \n  \n  \n\n  \n    <picture>\n              <source type=\"image\/webp\"\n                sizes=\"(max-width: 375px) 320px, 600px\"\n                srcset=\"https:\/\/alosim.com\/wp-content\/uploads\/2024\/05\/663ca0012c97c-123-100x0-c-default.webp 100w, https:\/\/alosim.com\/wp-content\/uploads\/2024\/05\/663ca0012c97c-123-200x0-c-default.webp 200w, https:\/\/alosim.com\/wp-content\/uploads\/2024\/05\/663ca0012c97c-123.webp 290w\"\n          \n        >\n      \n      \n      \n      \n      <img decoding=\"async\" class=\"\"\n           width=\"290\"\n           height=\"278\"\n           alt=\"663ca0012c97c-123\"\n           src=\"https:\/\/alosim.com\/wp-content\/uploads\/2024\/05\/663ca0012c97c-123.png\"\n        loading=\"lazy\"\n      >\n    <\/picture>\n  \n\n          <\/div>\n        \n              <\/div>\n\n              <div class=\"two-columns-media-text__text-content col-8\">\n          <p class=\"sk-text--h2 sk-text--h3\">High-resolution logos, photography, company bios, and background information available in our <a href=\"https:\/\/alosim.notion.site\/aloSIM-Media-Kit-0678a9b42a4b49dd839ec3b97d9d5abe\">Press Kit<\/a>.<\/p>\n\n        <\/div>\n          <\/div>\n  <\/div>\n<\/section>\n","protected":false},"excerpt":{"rendered":"","protected":false},"author":1,"featured_media":66307,"parent":0,"menu_order":0,"comment_status":"closed","ping_status":"closed","template":"","meta":{"_acf_changed":false,"content-type":"","footnotes":""},"class_list":["post-2463","page","type-page","status-publish","has-post-thumbnail","hentry"],"acf":[],"yoast_head":"<!-- This site is optimized with the Yoast SEO plugin v27.2 - https:\/\/yoast.com\/product\/yoast-seo-wordpress\/ -->\n<title>Prensa | aloSIM<\/title>\n<meta name=\"description\" content=\"Consulte los \u00faltimos medios de aloSIM, hojee los comunicados de prensa para ver qu\u00e9 est\u00e1 pasando, solicite una entrevista o acceda a los recursos de los medios.\" \/>\n<meta name=\"robots\" content=\"index, follow, max-snippet:-1, max-image-preview:large, max-video-preview:-1\" \/>\n<link rel=\"canonical\" href=\"https:\/\/alosim.com\/es\/prensa\/\" \/>\n<meta property=\"og:locale\" content=\"es_ES\" \/>\n<meta property=\"og:type\" content=\"article\" \/>\n<meta property=\"og:title\" content=\"Prensa | aloSIM\" \/>\n<meta property=\"og:description\" content=\"Consulte los \u00faltimos medios de aloSIM, hojee los comunicados de prensa para ver qu\u00e9 est\u00e1 pasando, solicite una entrevista o acceda a los recursos de los medios.\" \/>\n<meta property=\"og:url\" content=\"https:\/\/alosim.com\/es\/prensa\/\" \/>\n<meta property=\"og:site_name\" content=\"aloSIM\" \/>\n<meta property=\"article:publisher\" content=\"https:\/\/www.facebook.com\/alosimapp\/\" \/>\n<meta property=\"article:modified_time\" content=\"2024-05-16T18:12:24+00:00\" \/>\n<meta property=\"og:image\" content=\"https:\/\/alosim.com\/wp-content\/uploads\/2023\/01\/66eda56b6290e-alosim-esim-app-e1726851378140.png\" \/>\n\t<meta property=\"og:image:width\" content=\"1280\" \/>\n\t<meta property=\"og:image:height\" content=\"854\" \/>\n\t<meta property=\"og:image:type\" content=\"image\/png\" \/>\n<meta name=\"twitter:card\" content=\"summary_large_image\" \/>\n<meta name=\"twitter:site\" content=\"@alosim_app\" \/>\n<meta name=\"twitter:label1\" content=\"Tiempo de lectura\" \/>\n\t<meta name=\"twitter:data1\" content=\"1 minuto\" \/>\n<script type=\"application\/ld+json\" class=\"yoast-schema-graph\">{\"@context\":\"https:\/\/schema.org\",\"@graph\":[{\"@type\":\"WebPage\",\"@id\":\"https:\/\/alosim.com\/es\/prensa\/\",\"url\":\"https:\/\/alosim.com\/es\/prensa\/\",\"name\":\"Prensa | aloSIM\",\"isPartOf\":{\"@id\":\"https:\/\/alosim.com\/es\/#website\"},\"primaryImageOfPage\":{\"@id\":\"https:\/\/alosim.com\/es\/prensa\/#primaryimage\"},\"image\":{\"@id\":\"https:\/\/alosim.com\/es\/prensa\/#primaryimage\"},\"thumbnailUrl\":\"https:\/\/alosim.com\/wp-content\/uploads\/2023\/01\/66eda56b6290e-alosim-esim-app-e1726851378140.png\",\"datePublished\":\"2022-10-04T14:55:59+00:00\",\"dateModified\":\"2024-05-16T18:12:24+00:00\",\"description\":\"Consulte los \u00faltimos medios de aloSIM, hojee los comunicados de prensa para ver qu\u00e9 est\u00e1 pasando, solicite una entrevista o acceda a los recursos de los medios.\",\"breadcrumb\":{\"@id\":\"https:\/\/alosim.com\/es\/prensa\/#breadcrumb\"},\"inLanguage\":\"es\",\"potentialAction\":[{\"@type\":\"ReadAction\",\"target\":[\"https:\/\/alosim.com\/es\/prensa\/\"]}]},{\"@type\":\"ImageObject\",\"inLanguage\":\"es\",\"@id\":\"https:\/\/alosim.com\/es\/prensa\/#primaryimage\",\"url\":\"https:\/\/alosim.com\/wp-content\/uploads\/2023\/01\/66eda56b6290e-alosim-esim-app-e1726851378140.png\",\"contentUrl\":\"https:\/\/alosim.com\/wp-content\/uploads\/2023\/01\/66eda56b6290e-alosim-esim-app-e1726851378140.png\",\"width\":1280,\"height\":854,\"caption\":\"buy eSIM online\"},{\"@type\":\"BreadcrumbList\",\"@id\":\"https:\/\/alosim.com\/es\/prensa\/#breadcrumb\",\"itemListElement\":[{\"@type\":\"ListItem\",\"position\":1,\"name\":\"Home\",\"item\":\"https:\/\/alosim.com\/es\/\"},{\"@type\":\"ListItem\",\"position\":2,\"name\":\"Prensa\"}]},{\"@type\":\"WebSite\",\"@id\":\"https:\/\/alosim.com\/es\/#website\",\"url\":\"https:\/\/alosim.com\/es\/\",\"name\":\"aloSIM\",\"description\":\"aloSIM | Prepaid eSIM data | eSIM travel data packages\",\"potentialAction\":[{\"@type\":\"SearchAction\",\"target\":{\"@type\":\"EntryPoint\",\"urlTemplate\":\"https:\/\/alosim.com\/es\/?s={search_term_string}\"},\"query-input\":{\"@type\":\"PropertyValueSpecification\",\"valueRequired\":true,\"valueName\":\"search_term_string\"}}],\"inLanguage\":\"es\"}]}<\/script>\n<!-- \/ Yoast SEO plugin. -->","yoast_head_json":{"title":"Prensa | aloSIM","description":"Consulte los \u00faltimos medios de aloSIM, hojee los comunicados de prensa para ver qu\u00e9 est\u00e1 pasando, solicite una entrevista o acceda a los recursos de los medios.","robots":{"index":"index","follow":"follow","max-snippet":"max-snippet:-1","max-image-preview":"max-image-preview:large","max-video-preview":"max-video-preview:-1"},"canonical":"https:\/\/alosim.com\/es\/prensa\/","og_locale":"es_ES","og_type":"article","og_title":"Prensa | aloSIM","og_description":"Consulte los \u00faltimos medios de aloSIM, hojee los comunicados de prensa para ver qu\u00e9 est\u00e1 pasando, solicite una entrevista o acceda a los recursos de los medios.","og_url":"https:\/\/alosim.com\/es\/prensa\/","og_site_name":"aloSIM","article_publisher":"https:\/\/www.facebook.com\/alosimapp\/","article_modified_time":"2024-05-16T18:12:24+00:00","og_image":[{"width":1280,"height":854,"url":"https:\/\/alosim.com\/wp-content\/uploads\/2023\/01\/66eda56b6290e-alosim-esim-app-e1726851378140.png","type":"image\/png"}],"twitter_card":"summary_large_image","twitter_site":"@alosim_app","twitter_misc":{"Tiempo de lectura":"1 minuto"},"schema":{"@context":"https:\/\/schema.org","@graph":[{"@type":"WebPage","@id":"https:\/\/alosim.com\/es\/prensa\/","url":"https:\/\/alosim.com\/es\/prensa\/","name":"Prensa | aloSIM","isPartOf":{"@id":"https:\/\/alosim.com\/es\/#website"},"primaryImageOfPage":{"@id":"https:\/\/alosim.com\/es\/prensa\/#primaryimage"},"image":{"@id":"https:\/\/alosim.com\/es\/prensa\/#primaryimage"},"thumbnailUrl":"https:\/\/alosim.com\/wp-content\/uploads\/2023\/01\/66eda56b6290e-alosim-esim-app-e1726851378140.png","datePublished":"2022-10-04T14:55:59+00:00","dateModified":"2024-05-16T18:12:24+00:00","description":"Consulte los \u00faltimos medios de aloSIM, hojee los comunicados de prensa para ver qu\u00e9 est\u00e1 pasando, solicite una entrevista o acceda a los recursos de los medios.","breadcrumb":{"@id":"https:\/\/alosim.com\/es\/prensa\/#breadcrumb"},"inLanguage":"es","potentialAction":[{"@type":"ReadAction","target":["https:\/\/alosim.com\/es\/prensa\/"]}]},{"@type":"ImageObject","inLanguage":"es","@id":"https:\/\/alosim.com\/es\/prensa\/#primaryimage","url":"https:\/\/alosim.com\/wp-content\/uploads\/2023\/01\/66eda56b6290e-alosim-esim-app-e1726851378140.png","contentUrl":"https:\/\/alosim.com\/wp-content\/uploads\/2023\/01\/66eda56b6290e-alosim-esim-app-e1726851378140.png","width":1280,"height":854,"caption":"buy eSIM online"},{"@type":"BreadcrumbList","@id":"https:\/\/alosim.com\/es\/prensa\/#breadcrumb","itemListElement":[{"@type":"ListItem","position":1,"name":"Home","item":"https:\/\/alosim.com\/es\/"},{"@type":"ListItem","position":2,"name":"Prensa"}]},{"@type":"WebSite","@id":"https:\/\/alosim.com\/es\/#website","url":"https:\/\/alosim.com\/es\/","name":"aloSIM","description":"aloSIM | Prepaid eSIM data | eSIM travel data packages","potentialAction":[{"@type":"SearchAction","target":{"@type":"EntryPoint","urlTemplate":"https:\/\/alosim.com\/es\/?s={search_term_string}"},"query-input":{"@type":"PropertyValueSpecification","valueRequired":true,"valueName":"search_term_string"}}],"inLanguage":"es"}]}},"_links":{"self":[{"href":"https:\/\/alosim.com\/es\/wp-json\/wp\/v2\/pages\/2463","targetHints":{"allow":["GET"]}}],"collection":[{"href":"https:\/\/alosim.com\/es\/wp-json\/wp\/v2\/pages"}],"about":[{"href":"https:\/\/alosim.com\/es\/wp-json\/wp\/v2\/types\/page"}],"author":[{"embeddable":true,"href":"https:\/\/alosim.com\/es\/wp-json\/wp\/v2\/users\/1"}],"replies":[{"embeddable":true,"href":"https:\/\/alosim.com\/es\/wp-json\/wp\/v2\/comments?post=2463"}],"version-history":[{"count":0,"href":"https:\/\/alosim.com\/es\/wp-json\/wp\/v2\/pages\/2463\/revisions"}],"wp:featuredmedia":[{"embeddable":true,"href":"https:\/\/alosim.com\/es\/wp-json\/wp\/v2\/media\/66307"}],"wp:attachment":[{"href":"https:\/\/alosim.com\/es\/wp-json\/wp\/v2\/media?parent=2463"}],"curies":[{"name":"wp","href":"https:\/\/api.w.org\/{rel}","templated":true}]}}